{"id":89,"date":"2026-02-07T07:43:59","date_gmt":"2026-02-07T07:43:59","guid":{"rendered":"https:\/\/rmc2.eu\/?page_id=89"},"modified":"2026-02-07T09:54:58","modified_gmt":"2026-02-07T09:54:58","slug":"v3","status":"publish","type":"page","link":"https:\/\/rmc2.eu\/?page_id=89","title":{"rendered":"Victime 3"},"content":{"rendered":"\n<section class=\"signaux-victime\">\n\n  <!-- 1) TEASER VIDEO (.MP4) -->\n  <div class=\"sv-hero\">\n    <div class=\"sv-video\">\n      <video class=\"sv-video-player\" controls preload=\"metadata\" playsinline>\n        <source src=http:\/\/rmc2.eu\/wp-content\/uploads\/2026\/02\/gemini_generated_video_C6EE3C2D.mp4 type=\"video\/mp4\">\n        Votre navigateur ne supporte pas la lecture vid\u00e9o.\n      <\/video>\n    <\/div>\n\n    <div class=\"sv-hero-text\">\n      <h1 class=\"sv-title\">VICTIME 3<\/h1>\n      <p class=\"sv-subtitle\">Tableau clinique &amp; cin\u00e9tique<\/p>\n    <\/div>\n  <\/div>\n\n<!-- IMAGE VICTIME -->\n<div class=\"sv-victim-image\">\n  <img\n    src=http:\/\/rmc2.eu\/wp-content\/uploads\/2026\/02\/V3.png\n    alt=\"Illustration de la victime\"\n    loading=\"lazy\">\n<\/div>\n\n  <!-- 2) BOUTONS + MENUS ASSOCIES -->\n  <div class=\"sv-grid\" aria-label=\"Tableau clinique ABCDE\">\n\n    <!-- A -->\n    <div class=\"sv-item\">\n      <button class=\"sv-btn\" data-target=\"sv-airway\" aria-expanded=\"false\" type=\"button\">\n        <img decoding=\"async\" src=\"https:\/\/rmc2.eu\/wp-content\/uploads\/2026\/02\/Airway.png\" alt=\"Airway - Voies a\u00e9riennes\">\n      <\/button>\n\n      <div id=\"sv-airway\" class=\"sv-panel\" hidden>\n        <h2>Airway \u2014 Voies a\u00e9riennes<\/h2>\n        <ul>\n          <li>Voies a\u00e9riennes libres<\/li>\n          <li>Pas de s\u00e9cr\u00e9tions<\/li>\n          <li>Parole hach\u00e9e<\/li>\n        <\/ul>\n      <\/div>\n    <\/div>\n\n    <!-- B -->\n    <div class=\"sv-item\">\n      <button class=\"sv-btn\" data-target=\"sv-breathing\" aria-expanded=\"false\" type=\"button\">\n        <img decoding=\"async\" src=\"https:\/\/rmc2.eu\/wp-content\/uploads\/2026\/02\/Breathing.png\" alt=\"Breathing - Respiration\">\n      <\/button>\n\n      <div id=\"sv-breathing\" class=\"sv-panel\" hidden>\n        <h2>Breathing \u2014 Respiration<\/h2>\n        <ul>\n          <li>Respiration normale a 18 mvt\/min puis tachypn\u00e9e \u00e0 30 mvt\/min<\/li>\n          <li>SpO\u2082 : 96 % puis d\u00e9gradation a 88 % <\/li>\n          <li>P\u00e9joration respiratoire retard\u00e9e<\/li>\n          <li>Auscultation avec cr\u00e9pitants tardifs <\/li>\n          <li>Cin\u00e9tique d&rsquo;aggravation retard\u00e9e <\/li>\n        <\/ul>\n      <\/div>\n    <\/div>\n\n    <!-- C -->\n    <div class=\"sv-item\">\n      <button class=\"sv-btn\" data-target=\"sv-circulation\" aria-expanded=\"false\" type=\"button\">\n        <img decoding=\"async\" src=\"https:\/\/rmc2.eu\/wp-content\/uploads\/2026\/02\/Circulation.png\" alt=\"Circulation - H\u00e9modynamique\">\n      <\/button>\n      <div id=\"sv-circulation\" class=\"sv-panel\" hidden>\n        <h2>Circulation \u2014 H\u00e9modynamique<\/h2>\n        <ul>\n\n          <li><strong>FC :<\/strong> Tachycardie l\u00e9g\u00e8re \u00e0 90 mvt\/min puis 105 mvt\/min<\/li>\n          <li><strong>TA :<\/strong> 125\/80 mmHg <\/li>\n          <li><strong>Peau \/ TRC :<\/strong> Normale et TRC < 3 sec <\/li>\n        <\/ul>\n      <\/div>\n    <\/div>\n\n    <!-- D -->\n    <div class=\"sv-item\">\n      <button class=\"sv-btn\" data-target=\"sv-disability\" aria-expanded=\"false\" type=\"button\">\n        <img decoding=\"async\" src=\"https:\/\/rmc2.eu\/wp-content\/uploads\/2026\/02\/Disability.png\" alt=\"Disability - Neurologique\">\n      <\/button>\n\n      <div id=\"sv-disability\" class=\"sv-panel\" hidden>\n        <h2>Disability \u2014 Neurologique<\/h2>\n        <ul>\n          <li><strong>GCS :<\/strong> Conscient Glasgow 15<\/li>\n          <li><strong>Pupilles :<\/strong> Isochores r\u00e9actives 2 mm<\/li>\n          <li><strong>Signes neurologiques :<\/strong> Anxi\u00e9t\u00e9<\/li>\n        <\/ul>\n      <\/div>\n    <\/div>\n\n    <!-- E -->\n    <div class=\"sv-item\">\n      <button class=\"sv-btn\" data-target=\"sv-exposure\" aria-expanded=\"false\" type=\"button\">\n        <img decoding=\"async\" src=\"https:\/\/rmc2.eu\/wp-content\/uploads\/2026\/02\/Exposure.png\" alt=\"Exposure - Exposition &amp; environnement\">\n      <\/button>\n\n      <div id=\"sv-exposure\" class=\"sv-panel\" hidden>\n        <h2>Exposure \u2014 Exposition &amp; environnement<\/h2>\n        <ul>\n          <li><strong>Peau \/ l\u00e9sions :<\/strong> Normale <\/li>\n          <li><strong>Odeur \/ d\u00e9p\u00f4ts :<\/strong> &#8211; <\/li>\n          <li><strong>Temp\u00e9rature :<\/strong> 36,8 \u00b0C <\/li>\n          <li><strong>Contexte :<\/strong> &#8211; <\/li>\n          <li><strong>Yeux :<\/strong> Irritation l\u00e9g\u00e8re <\/li>\n        <\/ul>\n      <\/div>\n    <\/div>\n\n  <\/div>\n<\/section>\n\n<script>\n(function(){\n  const root = document.currentScript.previousElementSibling;\n  if(!root) return;\n\n  const btns = root.querySelectorAll('.sv-btn');\n\n  btns.forEach(btn => {\n    btn.addEventListener('click', () => {\n      const id = btn.getAttribute('data-target');\n      const panel = root.querySelector('#' + id);\n      if(!panel) return;\n\n      const isOpen = !panel.hidden;\n      panel.hidden = isOpen;\n      btn.setAttribute('aria-expanded', String(!isOpen));\n\n      if(!isOpen){\n        \/\/ Scroll doux : centrer plut\u00f4t le bouton (comme tu veux)\n        btn.scrollIntoView({behavior:'smooth', block:'center'});\n      }\n    });\n  });\n})();\n<\/script>\n\n\n\n<p><\/p>\n","protected":false},"excerpt":{"rendered":"<p>Votre navigateur ne supporte pas la lecture vid\u00e9o. VICTIME 3 Tableau clinique &amp; cin\u00e9tique Airway \u2014 Voies a\u00e9riennes Voies a\u00e9riennes libres Pas de s\u00e9cr\u00e9tions Parole hach\u00e9e Breathing \u2014 Respiration Respiration normale a 18 mvt\/min puis tachypn\u00e9e \u00e0 30 mvt\/min SpO\u2082 : 96 % puis d\u00e9gradation a 88 % P\u00e9joration respiratoire retard\u00e9e Auscultation avec cr\u00e9pitants tardifs [&hellip;]<\/p>\n","protected":false},"author":1,"featured_media":0,"parent":12,"menu_order":0,"comment_status":"closed","ping_status":"closed","template":"","meta":{"footnotes":""},"class_list":["post-89","page","type-page","status-publish","hentry"],"_links":{"self":[{"href":"https:\/\/rmc2.eu\/index.php?rest_route=\/wp\/v2\/pages\/89","targetHints":{"allow":["GET"]}}],"collection":[{"href":"https:\/\/rmc2.eu\/index.php?rest_route=\/wp\/v2\/pages"}],"about":[{"href":"https:\/\/rmc2.eu\/index.php?rest_route=\/wp\/v2\/types\/page"}],"author":[{"embeddable":true,"href":"https:\/\/rmc2.eu\/index.php?rest_route=\/wp\/v2\/users\/1"}],"replies":[{"embeddable":true,"href":"https:\/\/rmc2.eu\/index.php?rest_route=%2Fwp%2Fv2%2Fcomments&post=89"}],"version-history":[{"count":6,"href":"https:\/\/rmc2.eu\/index.php?rest_route=\/wp\/v2\/pages\/89\/revisions"}],"predecessor-version":[{"id":162,"href":"https:\/\/rmc2.eu\/index.php?rest_route=\/wp\/v2\/pages\/89\/revisions\/162"}],"up":[{"embeddable":true,"href":"https:\/\/rmc2.eu\/index.php?rest_route=\/wp\/v2\/pages\/12"}],"wp:attachment":[{"href":"https:\/\/rmc2.eu\/index.php?rest_route=%2Fwp%2Fv2%2Fmedia&parent=89"}],"curies":[{"name":"wp","href":"https:\/\/api.w.org\/{rel}","templated":true}]}}